{"id":583,"date":"2023-09-13T16:34:53","date_gmt":"2023-09-13T14:34:53","guid":{"rendered":"https:\/\/lesbichettes.fr\/?page_id=583"},"modified":"2023-12-12T16:15:48","modified_gmt":"2023-12-12T15:15:48","slug":"mentions-legales","status":"publish","type":"page","link":"https:\/\/lesbichettes.fr\/index.php\/mentions-legales\/","title":{"rendered":"Mentions l\u00e9gales"},"content":{"rendered":"[et_pb_section fb_built=\u00a0\u00bb1&Prime; admin_label=\u00a0\u00bbsection\u00a0\u00bb _builder_version=\u00a0\u00bb4.16&Prime; global_colors_info=\u00a0\u00bb{}\u00a0\u00bb][et_pb_row admin_label=\u00a0\u00bbrow\u00a0\u00bb _builder_version=\u00a0\u00bb4.16&Prime; background_size=\u00a0\u00bbinitial\u00a0\u00bb background_position=\u00a0\u00bbtop_left\u00a0\u00bb background_repeat=\u00a0\u00bbrepeat\u00a0\u00bb global_colors_info=\u00a0\u00bb{}\u00a0\u00bb][et_pb_column type=\u00a0\u00bb4_4&Prime; _builder_version=\u00a0\u00bb4.16&Prime; custom_padding=\u00a0\u00bb|||\u00a0\u00bb global_colors_info=\u00a0\u00bb{}\u00a0\u00bb custom_padding__hover=\u00a0\u00bb|||\u00a0\u00bb][et_pb_text admin_label=\u00a0\u00bbText\u00a0\u00bb _builder_version=\u00a0\u00bb4.16&Prime; background_size=\u00a0\u00bbinitial\u00a0\u00bb background_position=\u00a0\u00bbtop_left\u00a0\u00bb background_repeat=\u00a0\u00bbrepeat\u00a0\u00bb inline_fonts=\u00a0\u00bbQuicksand\u00a0\u00bb global_colors_info=\u00a0\u00bb{}\u00a0\u00bb]<p><\/p>\n<h2 class=\"wp-block-heading\"><span style=\"font-family: Quicksand; font-weight: normal;\">1 &#8211; \u00c9dition du site<\/span><\/h2>\n<p><\/p>\n<p><\/p>\n<p>En vertu de\u00a0<a href=\"https:\/\/www.legifrance.gouv.fr\/affichTexte.do?cidTexte=JORFTEXT000000801164#LEGIARTI000042038977\" target=\"_blank\" rel=\"noreferrer noopener\">l&rsquo;article 6 de la loi n\u00b0 2004-575 du 21 juin 2004<\/a>\u00a0pour la confiance dans l&rsquo;\u00e9conomie num\u00e9rique, il est pr\u00e9cis\u00e9 aux utilisateurs du site internet\u00a0<strong>https:\/\/lesbichettes.fr\/<\/strong>\u00a0l&rsquo;identit\u00e9 des diff\u00e9rents intervenants dans le cadre de sa r\u00e9alisation et de son suivi:<\/p>\n<p><\/p>\n<p><\/p>\n<p><strong>Propri\u00e9taire du site :\u00a0<\/strong>&#8211; Contact :\u00a0DUMAS Marie-Laetitia &#8211; contact@flexitime-office.com\u00a0&#8211; 0659773412\u00a0&#8211; Adresse :\u00a082 rue de Maubec 31300 TOULOUSE.<\/p>\n<p><\/p>\n<p><\/p>\n<p><strong>Identification de l&rsquo;entreprise :<\/strong> au capital social de \u20ac &#8211; SIREN : &#8211; RCS ou RM : &#8211; Adresse postale : 82 rue de Maubec 31300 TOULOUSE\u00a0<\/p>\n<p><\/p>\n<p><\/p>\n<p><strong>Directeur de la publication :\u00a0<\/strong>MARIE-LAETITIA DUMAS &#8211; Contact : contact@flexitime-office.com.<\/p>\n<p><\/p>\n<p><\/p>\n<p><strong>H\u00e9bergeur :<\/strong>\u00a0OVH SAS &#8211; 2 rue Kellermann &#8211; BP 80157 &#8211; 59053 Roubaix Cedex 1 &#8211; T\u00e9l\u00e9phone : 1007<\/p>\n<p><\/p>\n<p><\/p>\n<p><strong>D\u00e9l\u00e9gu\u00e9 \u00e0 la protection des donn\u00e9es :\u00a0<\/strong>MARIE-LAETITIA DUMAS &#8211; contact@flexitime-office.com<\/p>\n<p><\/p>\n<p><\/p>\n<hr class=\"wp-block-separator has-alpha-channel-opacity\" \/>\n<p><\/p>\n<p><\/p>\n<h2 class=\"wp-block-heading\"><span style=\"font-family: Quicksand; font-weight: normal;\">2 &#8211; Propri\u00e9t\u00e9 intellectuelle et contrefa\u00e7ons.<\/span><\/h2>\n<p><\/p>\n<p><\/p>\n<p><strong><\/strong>est propri\u00e9taire des droits de propri\u00e9t\u00e9 intellectuelle et d\u00e9tient les droits d\u2019usage sur tous les \u00e9l\u00e9ments accessibles sur le site internet, notamment les textes, images, graphismes, logos, vid\u00e9os, architecture, ic\u00f4nes et sons.<\/p>\n<p><\/p>\n<p><\/p>\n<p>Toute reproduction, repr\u00e9sentation, modification, publication, adaptation de tout ou partie des \u00e9l\u00e9ments du site, quel que soit le moyen ou le proc\u00e9d\u00e9 utilis\u00e9, est interdite, sauf autorisation \u00e9crite pr\u00e9alable de\u00a0<strong><\/strong>.<\/p>\n<p><\/p>\n<p><\/p>\n<p>Toute exploitation non autoris\u00e9e du site ou de l\u2019un quelconque des \u00e9l\u00e9ments qu\u2019il contient sera consid\u00e9r\u00e9e comme constitutive d\u2019une contrefa\u00e7on et poursuivie conform\u00e9ment aux dispositions des articles\u00a0<a href=\"https:\/\/www.legifrance.gouv.fr\/affichCodeArticle.do?idArticle=LEGIARTI000032655082&amp;cidTexte=LEGITEXT000006069414&amp;dateTexte=20160605\" target=\"_blank\" rel=\"noreferrer noopener\">L.335-2 et suivants du Code de Propri\u00e9t\u00e9 Intellectuelle<\/a>.<\/p>\n<p><\/p>\n<p><\/p>\n<hr class=\"wp-block-separator has-alpha-channel-opacity\" \/>\n<p><\/p>\n<p><\/p>\n<h2 class=\"wp-block-heading\"><span style=\"font-family: Quicksand; font-weight: normal;\">3 &#8211; Limitations de responsabilit\u00e9.<\/span><\/h2>\n<p><\/p>\n<p><\/p>\n<p><strong><\/strong>ne pourra \u00eatre tenu pour responsable des dommages directs et indirects caus\u00e9s au mat\u00e9riel de l\u2019utilisateur, lors de l\u2019acc\u00e8s au site\u00a0<strong>https:\/\/lesbichettes.fr\/<\/strong>.<\/p>\n<p><\/p>\n<p><\/p>\n<p><strong><\/strong>d\u00e9cline toute responsabilit\u00e9 quant \u00e0 l\u2019utilisation qui pourrait \u00eatre faite des informations et contenus pr\u00e9sents sur\u00a0<strong>https:\/\/lesbichettes.fr\/<\/strong>.<\/p>\n<p><\/p>\n<p><\/p>\n<p><strong><\/strong>s\u2019engage \u00e0 s\u00e9curiser au mieux le site\u00a0<strong>https:\/\/lesbichettes.fr\/<\/strong>, cependant sa responsabilit\u00e9 ne pourra \u00eatre mise en cause si des donn\u00e9es ind\u00e9sirables sont import\u00e9es et install\u00e9es sur son site \u00e0 son insu.<\/p>\n<p><\/p>\n<p><\/p>\n<p>Des espaces interactifs (espace contact ou commentaires) sont \u00e0 la disposition des utilisateurs.\u00a0<strong><\/strong>se r\u00e9serve le droit de supprimer, sans mise en demeure pr\u00e9alable, tout contenu d\u00e9pos\u00e9 dans cet espace qui contreviendrait \u00e0 la l\u00e9gislation applicable en France, en particulier aux dispositions relatives \u00e0 la protection des donn\u00e9es.<\/p>\n<p><\/p>\n<p><\/p>\n<p>Le cas \u00e9ch\u00e9ant,\u00a0<strong><\/strong>se r\u00e9serve \u00e9galement la possibilit\u00e9 de mettre en cause la responsabilit\u00e9 civile et\/ou p\u00e9nale de l\u2019utilisateur, notamment en cas de message \u00e0 caract\u00e8re raciste, injurieux, diffamant, ou pornographique, quel que soit le support utilis\u00e9 (texte, photographie \u2026).<\/p>\n<p><\/p>\n<p><\/p>\n<hr class=\"wp-block-separator has-alpha-channel-opacity\" \/>\n<p><\/p>\n<p><\/p>\n<h2 class=\"wp-block-heading\"><span style=\"font-family: Quicksand; font-weight: normal;\">4 &#8211; CNIL et gestion des donn\u00e9es personnelles.<\/span><\/h2>\n<p><\/p>\n<p><\/p>\n<p>Conform\u00e9ment aux dispositions de\u00a0<a href=\"https:\/\/www.legifrance.gouv.fr\/affichTexte.do?cidTexte=JORFTEXT000000886460\" target=\"_blank\" rel=\"noreferrer noopener\">la loi 78-17 du 6 janvier 1978 modifi\u00e9e<\/a>, l\u2019utilisateur du site\u00a0<strong>https:\/\/lesbichettes.fr\/<\/strong>\u00a0dispose d\u2019un droit d\u2019acc\u00e8s, de modification et de suppression des informations collect\u00e9es. Pour exercer ce droit, envoyez un message \u00e0 notre D\u00e9l\u00e9gu\u00e9 \u00e0 la Protection des Donn\u00e9es :\u00a0<strong>MARIE LAETITA DUMAS<\/strong>\u00a0&#8211;\u00a0<strong>contact@flexitime-office.com<\/strong>.<\/p>\n<p><\/p>\n<p><\/p>\n<p>Pour plus d&rsquo;informations sur la fa\u00e7on dont nous traitons vos donn\u00e9es (type de donn\u00e9es, finalit\u00e9, destinataire&#8230;), lisez notre\u00a0<strong>https:\/\/lesbichettes.fr\/index.php\/politique-de-confidentialite\/<\/strong>.\u00a0<\/p>\n<p><\/p>\n<p><\/p>\n<hr class=\"wp-block-separator has-alpha-channel-opacity\" \/>\n<p><\/p>\n<p><\/p>\n<h2 class=\"wp-block-heading\"><span style=\"font-family: Quicksand; font-weight: normal;\">5 &#8211; Liens hypertextes et cookies<\/span><\/h2>\n<p><\/p>\n<p><\/p>\n<p>Le site\u00a0<strong>https:\/\/lesbichettes.fr\/<\/strong>\u00a0contient des liens hypertextes vers d\u2019autres sites et d\u00e9gage toute responsabilit\u00e9 \u00e0 propos de ces liens externes ou des liens cr\u00e9\u00e9s par d\u2019autres sites vers\u00a0<strong>https:\/\/lesbichettes.fr\/<\/strong>.<\/p>\n<p><\/p>\n<p><\/p>\n<p>La navigation sur le site\u00a0<strong>https:\/\/lesbichettes.fr\/<\/strong>\u00a0est susceptible de provoquer l\u2019installation de cookie(s) sur l\u2019ordinateur de l\u2019utilisateur.<\/p>\n<p><\/p>\n<p><\/p>\n<p>Un \u00ab\u00a0cookie\u00a0\u00bb est un fichier de petite taille qui enregistre des informations relatives \u00e0 la navigation d\u2019un utilisateur sur un site. Les donn\u00e9es ainsi obtenues permettent d&rsquo;obtenir des mesures de fr\u00e9quentation, par exemple.<\/p>\n<p><\/p>\n<p><\/p>\n<p>Vous avez la possibilit\u00e9\u00a0<strong>d\u2019accepter ou de refuser les cookies<\/strong>\u00a0en modifiant les param\u00e8tres de votre navigateur. Aucun cookie ne sera d\u00e9pos\u00e9 sans votre consentement.<\/p>\n<p><\/p>\n<p><\/p>\n<p>Les cookies sont enregistr\u00e9s pour une dur\u00e9e maximale de\u00a01\u00a0mois.<\/p>\n<p><\/p>\n<p><\/p>\n<p>Pour plus d&rsquo;informations sur la fa\u00e7on dont nous faisons usage des cookies, lisez notre\u00a0<strong>https:\/\/lesbichettes.fr\/index.php\/politique-de-confidentialite\/<\/strong>.\u00a0<\/p>\n<p><\/p>\n<p><\/p>\n<hr class=\"wp-block-separator has-alpha-channel-opacity\" \/>\n<p><\/p>\n<p><\/p>\n<h2 class=\"wp-block-heading\"><span style=\"font-family: Quicksand;\">6 &#8211; Droit applicable et attribution de juridiction.<\/span><\/h2>\n<p><\/p>\n<p><\/p>\n<p>Tout litige en relation avec l\u2019utilisation du site\u00a0<strong>https:\/\/lesbichettes.fr\/<\/strong>\u00a0est soumis au droit fran\u00e7ais. En dehors des cas o\u00f9 la loi ne le permet pas, il est fait attribution exclusive de juridiction aux tribunaux comp\u00e9tents de\u00a0<strong>Toulouse<\/strong>.<\/p>\n<p>R\u00e9c\u00e9piss\u00e9 de D\u00e9claration de cr\u00e9ation de l&rsquo;association <a href=\"https:\/\/drive.google.com\/file\/d\/145_w4L2g91Zog-aws0xKf7ThVd6jESpj\/view?usp=sharing\"><span style=\"font-family: Quicksand;\">n\u00b0 W313038555..\u00a0<\/span><\/a><\/p>\n<p><\/p>[\/et_pb_text][\/et_pb_column][\/et_pb_row][\/et_pb_section]","protected":false},"excerpt":{"rendered":"<p>1 &#8211; \u00c9dition du site En vertu de\u00a0l&rsquo;article 6 de la loi n\u00b0 2004-575 du 21 juin 2004\u00a0pour la confiance dans l&rsquo;\u00e9conomie num\u00e9rique, il est pr\u00e9cis\u00e9 aux utilisateurs du site internet\u00a0https:\/\/lesbichettes.fr\/\u00a0l&rsquo;identit\u00e9 des diff\u00e9rents intervenants dans le cadre de sa r\u00e9alisation et de son suivi: Propri\u00e9taire du site :\u00a0&#8211; Contact :\u00a0DUMAS Marie-Laetitia &#8211; contact@flexitime-office.com\u00a0&#8211; 0659773412\u00a0&#8211; Adresse [&hellip;]<\/p>\n","protected":false},"author":1,"featured_media":0,"parent":0,"menu_order":0,"comment_status":"closed","ping_status":"closed","template":"","meta":{"_et_pb_use_builder":"on","_et_pb_old_content":"<!-- wp:heading -->\n<h2 class=\"wp-block-heading\">1 - \u00c9dition du site<\/h2>\n<!-- \/wp:heading -->\n\n<!-- wp:paragraph -->\n<p>En vertu de&nbsp;<a href=\"https:\/\/www.legifrance.gouv.fr\/affichTexte.do?cidTexte=JORFTEXT000000801164#LEGIARTI000042038977\" target=\"_blank\" rel=\"noreferrer noopener\">l'article 6 de la loi n\u00b0 2004-575 du 21 juin 2004<\/a>&nbsp;pour la confiance dans l'\u00e9conomie num\u00e9rique, il est pr\u00e9cis\u00e9 aux utilisateurs du site internet&nbsp;<strong>https:\/\/lesbichettes.fr\/<\/strong>&nbsp;l'identit\u00e9 des diff\u00e9rents intervenants dans le cadre de sa r\u00e9alisation et de son suivi:<\/p>\n<!-- \/wp:paragraph -->\n\n<!-- wp:paragraph -->\n<p><strong>Propri\u00e9taire du site :\u00a0<\/strong>- Contact :\u00a0DUMAS Marie-Laetitia - contact@flexitime-office.com\u00a0- 0659773412\u00a0- Adresse :\u00a082 rue de Maubec 31300 TOULOUSE.<\/p>\n<!-- \/wp:paragraph -->\n\n<!-- wp:paragraph -->\n<p><strong>Identification de l'entreprise :<\/strong>&nbsp;au capital social de&nbsp;\u20ac - SIREN :&nbsp;- RCS ou RM :&nbsp;- Adresse postale :&nbsp;82 rue de Maubec 31300 TOULOUSE&nbsp;-&nbsp;[Consignes : ajoutez ici le lien hypertexte vers la page de vos conditions g\u00e9n\u00e9rales de vente si vous en avez une]<\/p>\n<!-- \/wp:paragraph -->\n\n<!-- wp:paragraph -->\n<p><strong>Directeur de la publication :&nbsp;<\/strong>MARIE LAETITA DUMAS&nbsp;- Contact :&nbsp;contact@flexitime-office.com.<\/p>\n<!-- \/wp:paragraph -->\n\n<!-- wp:paragraph -->\n<p><strong>H\u00e9bergeur :<\/strong>&nbsp;OVH SAS - 2 rue Kellermann - BP 80157 - 59053 Roubaix Cedex 1 - T\u00e9l\u00e9phone : 1007<\/p>\n<!-- \/wp:paragraph -->\n\n<!-- wp:paragraph -->\n<p><strong>D\u00e9l\u00e9gu\u00e9 \u00e0 la protection des donn\u00e9es :\u00a0<\/strong>MARIE LAETITIA DUMAS\u00a0-\u00a0contact@flexitime-office.com<\/p>\n<!-- \/wp:paragraph -->\n\n<!-- wp:separator -->\n<hr class=\"wp-block-separator has-alpha-channel-opacity\"\/>\n<!-- \/wp:separator -->\n\n<!-- wp:heading -->\n<h2 class=\"wp-block-heading\">2 - Propri\u00e9t\u00e9 intellectuelle et contrefa\u00e7ons.<\/h2>\n<!-- \/wp:heading -->\n\n<!-- wp:paragraph -->\n<p><strong><\/strong>est propri\u00e9taire des droits de propri\u00e9t\u00e9 intellectuelle et d\u00e9tient les droits d\u2019usage sur tous les \u00e9l\u00e9ments accessibles sur le site internet, notamment les textes, images, graphismes, logos, vid\u00e9os, architecture, ic\u00f4nes et sons.<\/p>\n<!-- \/wp:paragraph -->\n\n<!-- wp:paragraph -->\n<p>Toute reproduction, repr\u00e9sentation, modification, publication, adaptation de tout ou partie des \u00e9l\u00e9ments du site, quel que soit le moyen ou le proc\u00e9d\u00e9 utilis\u00e9, est interdite, sauf autorisation \u00e9crite pr\u00e9alable de&nbsp;<strong><\/strong>.<\/p>\n<!-- \/wp:paragraph -->\n\n<!-- wp:paragraph -->\n<p>Toute exploitation non autoris\u00e9e du site ou de l\u2019un quelconque des \u00e9l\u00e9ments qu\u2019il contient sera consid\u00e9r\u00e9e comme constitutive d\u2019une contrefa\u00e7on et poursuivie conform\u00e9ment aux dispositions des articles&nbsp;<a href=\"https:\/\/www.legifrance.gouv.fr\/affichCodeArticle.do?idArticle=LEGIARTI000032655082&amp;cidTexte=LEGITEXT000006069414&amp;dateTexte=20160605\" target=\"_blank\" rel=\"noreferrer noopener\">L.335-2 et suivants du Code de Propri\u00e9t\u00e9 Intellectuelle<\/a>.<\/p>\n<!-- \/wp:paragraph -->\n\n<!-- wp:separator -->\n<hr class=\"wp-block-separator has-alpha-channel-opacity\"\/>\n<!-- \/wp:separator -->\n\n<!-- wp:heading -->\n<h2 class=\"wp-block-heading\">3 - Limitations de responsabilit\u00e9.<\/h2>\n<!-- \/wp:heading -->\n\n<!-- wp:paragraph -->\n<p><strong><\/strong>ne pourra \u00eatre tenu pour responsable des dommages directs et indirects caus\u00e9s au mat\u00e9riel de l\u2019utilisateur, lors de l\u2019acc\u00e8s au site&nbsp;<strong>https:\/\/lesbichettes.fr\/<\/strong>.<\/p>\n<!-- \/wp:paragraph -->\n\n<!-- wp:paragraph -->\n<p><strong><\/strong>d\u00e9cline toute responsabilit\u00e9 quant \u00e0 l\u2019utilisation qui pourrait \u00eatre faite des informations et contenus pr\u00e9sents sur&nbsp;<strong>https:\/\/lesbichettes.fr\/<\/strong>.<\/p>\n<!-- \/wp:paragraph -->\n\n<!-- wp:paragraph -->\n<p><strong><\/strong>s\u2019engage \u00e0 s\u00e9curiser au mieux le site&nbsp;<strong>https:\/\/lesbichettes.fr\/<\/strong>, cependant sa responsabilit\u00e9 ne pourra \u00eatre mise en cause si des donn\u00e9es ind\u00e9sirables sont import\u00e9es et install\u00e9es sur son site \u00e0 son insu.<\/p>\n<!-- \/wp:paragraph -->\n\n<!-- wp:paragraph -->\n<p>Des espaces interactifs (espace contact ou commentaires) sont \u00e0 la disposition des utilisateurs.&nbsp;<strong><\/strong>se r\u00e9serve le droit de supprimer, sans mise en demeure pr\u00e9alable, tout contenu d\u00e9pos\u00e9 dans cet espace qui contreviendrait \u00e0 la l\u00e9gislation applicable en France, en particulier aux dispositions relatives \u00e0 la protection des donn\u00e9es.<\/p>\n<!-- \/wp:paragraph -->\n\n<!-- wp:paragraph -->\n<p>Le cas \u00e9ch\u00e9ant,&nbsp;<strong><\/strong>se r\u00e9serve \u00e9galement la possibilit\u00e9 de mettre en cause la responsabilit\u00e9 civile et\/ou p\u00e9nale de l\u2019utilisateur, notamment en cas de message \u00e0 caract\u00e8re raciste, injurieux, diffamant, ou pornographique, quel que soit le support utilis\u00e9 (texte, photographie \u2026).<\/p>\n<!-- \/wp:paragraph -->\n\n<!-- wp:separator -->\n<hr class=\"wp-block-separator has-alpha-channel-opacity\"\/>\n<!-- \/wp:separator -->\n\n<!-- wp:heading -->\n<h2 class=\"wp-block-heading\">4 - CNIL et gestion des donn\u00e9es personnelles.<\/h2>\n<!-- \/wp:heading -->\n\n<!-- wp:paragraph -->\n<p>Conform\u00e9ment aux dispositions de&nbsp;<a href=\"https:\/\/www.legifrance.gouv.fr\/affichTexte.do?cidTexte=JORFTEXT000000886460\" target=\"_blank\" rel=\"noreferrer noopener\">la loi 78-17 du 6 janvier 1978 modifi\u00e9e<\/a>, l\u2019utilisateur du site&nbsp;<strong>https:\/\/lesbichettes.fr\/<\/strong>&nbsp;dispose d\u2019un droit d\u2019acc\u00e8s, de modification et de suppression des informations collect\u00e9es. Pour exercer ce droit, envoyez un message \u00e0 notre D\u00e9l\u00e9gu\u00e9 \u00e0 la Protection des Donn\u00e9es :&nbsp;<strong>MARIE LAETITA DUMAS<\/strong>&nbsp;-&nbsp;<strong>contact@flexitime-office.com<\/strong>.<\/p>\n<!-- \/wp:paragraph -->\n\n<!-- wp:paragraph -->\n<p>Pour plus d'informations sur la fa\u00e7on dont nous traitons vos donn\u00e9es (type de donn\u00e9es, finalit\u00e9, destinataire...), lisez notre\u00a0<strong>https:\/\/lesbichettes.fr\/index.php\/politique-de-confidentialite\/<\/strong>.\u00a0<\/p>\n<!-- \/wp:paragraph -->\n\n<!-- wp:separator -->\n<hr class=\"wp-block-separator has-alpha-channel-opacity\"\/>\n<!-- \/wp:separator -->\n\n<!-- wp:heading -->\n<h2 class=\"wp-block-heading\">5 - Liens hypertextes et cookies<\/h2>\n<!-- \/wp:heading -->\n\n<!-- wp:paragraph -->\n<p>Le site&nbsp;<strong>https:\/\/lesbichettes.fr\/<\/strong>&nbsp;contient des liens hypertextes vers d\u2019autres sites et d\u00e9gage toute responsabilit\u00e9 \u00e0 propos de ces liens externes ou des liens cr\u00e9\u00e9s par d\u2019autres sites vers&nbsp;<strong>https:\/\/lesbichettes.fr\/<\/strong>.<\/p>\n<!-- \/wp:paragraph -->\n\n<!-- wp:paragraph -->\n<p>La navigation sur le site&nbsp;<strong>https:\/\/lesbichettes.fr\/<\/strong>&nbsp;est susceptible de provoquer l\u2019installation de cookie(s) sur l\u2019ordinateur de l\u2019utilisateur.<\/p>\n<!-- \/wp:paragraph -->\n\n<!-- wp:paragraph -->\n<p>Un \"cookie\" est un fichier de petite taille qui enregistre des informations relatives \u00e0 la navigation d\u2019un utilisateur sur un site. Les donn\u00e9es ainsi obtenues permettent d'obtenir des mesures de fr\u00e9quentation, par exemple.<\/p>\n<!-- \/wp:paragraph -->\n\n<!-- wp:paragraph -->\n<p>Vous avez la possibilit\u00e9&nbsp;<strong>d\u2019accepter ou de refuser les cookies<\/strong>&nbsp;en modifiant les param\u00e8tres de votre navigateur. Aucun cookie ne sera d\u00e9pos\u00e9 sans votre consentement.<\/p>\n<!-- \/wp:paragraph -->\n\n<!-- wp:paragraph -->\n<p>Les cookies sont enregistr\u00e9s pour une dur\u00e9e maximale de&nbsp;1&nbsp;mois.<\/p>\n<!-- \/wp:paragraph -->\n\n<!-- wp:paragraph -->\n<p>Pour plus d'informations sur la fa\u00e7on dont nous faisons usage des cookies, lisez notre\u00a0<strong>https:\/\/lesbichettes.fr\/index.php\/politique-de-confidentialite\/<\/strong>.\u00a0<\/p>\n<!-- \/wp:paragraph -->\n\n<!-- wp:separator -->\n<hr class=\"wp-block-separator has-alpha-channel-opacity\"\/>\n<!-- \/wp:separator -->\n\n<!-- wp:heading -->\n<h2 class=\"wp-block-heading\">6 - Droit applicable et attribution de juridiction.<\/h2>\n<!-- \/wp:heading -->\n\n<!-- wp:paragraph -->\n<p>Tout litige en relation avec l\u2019utilisation du site&nbsp;<strong>https:\/\/lesbichettes.fr\/<\/strong>&nbsp;est soumis au droit fran\u00e7ais. En dehors des cas o\u00f9 la loi ne le permet pas, il est fait attribution exclusive de juridiction aux tribunaux comp\u00e9tents de&nbsp;<strong>Toulouse<\/strong>.<\/p>\n<!-- \/wp:paragraph -->","_et_gb_content_width":"","footnotes":""},"class_list":["post-583","page","type-page","status-publish","hentry"],"yoast_head":"<!-- This site is optimized with the Yoast SEO plugin v27.4 - https:\/\/yoast.com\/product\/yoast-seo-wordpress\/ -->\n<title>Mentions l\u00e9gales - Les Bichettes<\/title>\n<meta name=\"robots\" content=\"index, follow, max-snippet:-1, max-image-preview:large, max-video-preview:-1\" \/>\n<link rel=\"canonical\" href=\"https:\/\/lesbichettes.fr\/index.php\/mentions-legales\/\" \/>\n<meta property=\"og:locale\" content=\"fr_FR\" \/>\n<meta property=\"og:type\" content=\"article\" \/>\n<meta property=\"og:title\" content=\"Mentions l\u00e9gales - Les Bichettes\" \/>\n<meta property=\"og:description\" content=\"1 - \u00c9dition du site En vertu de\u00a0l&#039;article 6 de la loi n\u00b0 2004-575 du 21 juin 2004\u00a0pour la confiance dans l&#039;\u00e9conomie num\u00e9rique, il est pr\u00e9cis\u00e9 aux utilisateurs du site internet\u00a0https:\/\/lesbichettes.fr\/\u00a0l&#039;identit\u00e9 des diff\u00e9rents intervenants dans le cadre de sa r\u00e9alisation et de son suivi: Propri\u00e9taire du site :\u00a0- Contact :\u00a0DUMAS Marie-Laetitia - contact@flexitime-office.com\u00a0- 0659773412\u00a0- Adresse [&hellip;]\" \/>\n<meta property=\"og:url\" content=\"https:\/\/lesbichettes.fr\/index.php\/mentions-legales\/\" \/>\n<meta property=\"og:site_name\" content=\"Les Bichettes\" \/>\n<meta property=\"article:modified_time\" content=\"2023-12-12T15:15:48+00:00\" \/>\n<meta name=\"twitter:card\" content=\"summary_large_image\" \/>\n<meta name=\"twitter:label1\" content=\"Dur\u00e9e de lecture estim\u00e9e\" \/>\n\t<meta name=\"twitter:data1\" content=\"4 minutes\" \/>\n<script type=\"application\/ld+json\" class=\"yoast-schema-graph\">{\"@context\":\"https:\\\/\\\/schema.org\",\"@graph\":[{\"@type\":\"WebPage\",\"@id\":\"https:\\\/\\\/lesbichettes.fr\\\/index.php\\\/mentions-legales\\\/\",\"url\":\"https:\\\/\\\/lesbichettes.fr\\\/index.php\\\/mentions-legales\\\/\",\"name\":\"Mentions l\u00e9gales - Les Bichettes\",\"isPartOf\":{\"@id\":\"https:\\\/\\\/lesbichettes.fr\\\/#website\"},\"datePublished\":\"2023-09-13T14:34:53+00:00\",\"dateModified\":\"2023-12-12T15:15:48+00:00\",\"breadcrumb\":{\"@id\":\"https:\\\/\\\/lesbichettes.fr\\\/index.php\\\/mentions-legales\\\/#breadcrumb\"},\"inLanguage\":\"fr-FR\",\"potentialAction\":[{\"@type\":\"ReadAction\",\"target\":[\"https:\\\/\\\/lesbichettes.fr\\\/index.php\\\/mentions-legales\\\/\"]}]},{\"@type\":\"BreadcrumbList\",\"@id\":\"https:\\\/\\\/lesbichettes.fr\\\/index.php\\\/mentions-legales\\\/#breadcrumb\",\"itemListElement\":[{\"@type\":\"ListItem\",\"position\":1,\"name\":\"Accueil\",\"item\":\"https:\\\/\\\/lesbichettes.fr\\\/\"},{\"@type\":\"ListItem\",\"position\":2,\"name\":\"Mentions l\u00e9gales\"}]},{\"@type\":\"WebSite\",\"@id\":\"https:\\\/\\\/lesbichettes.fr\\\/#website\",\"url\":\"https:\\\/\\\/lesbichettes.fr\\\/\",\"name\":\"Les Bichettes\",\"description\":\"Le R\u00e9seau Toulousain 100% Girl Power\",\"potentialAction\":[{\"@type\":\"SearchAction\",\"target\":{\"@type\":\"EntryPoint\",\"urlTemplate\":\"https:\\\/\\\/lesbichettes.fr\\\/?s={search_term_string}\"},\"query-input\":{\"@type\":\"PropertyValueSpecification\",\"valueRequired\":true,\"valueName\":\"search_term_string\"}}],\"inLanguage\":\"fr-FR\"}]}<\/script>\n<!-- \/ Yoast SEO plugin. -->","yoast_head_json":{"title":"Mentions l\u00e9gales - Les Bichettes","robots":{"index":"index","follow":"follow","max-snippet":"max-snippet:-1","max-image-preview":"max-image-preview:large","max-video-preview":"max-video-preview:-1"},"canonical":"https:\/\/lesbichettes.fr\/index.php\/mentions-legales\/","og_locale":"fr_FR","og_type":"article","og_title":"Mentions l\u00e9gales - Les Bichettes","og_description":"1 - \u00c9dition du site En vertu de\u00a0l'article 6 de la loi n\u00b0 2004-575 du 21 juin 2004\u00a0pour la confiance dans l'\u00e9conomie num\u00e9rique, il est pr\u00e9cis\u00e9 aux utilisateurs du site internet\u00a0https:\/\/lesbichettes.fr\/\u00a0l'identit\u00e9 des diff\u00e9rents intervenants dans le cadre de sa r\u00e9alisation et de son suivi: Propri\u00e9taire du site :\u00a0- Contact :\u00a0DUMAS Marie-Laetitia - contact@flexitime-office.com\u00a0- 0659773412\u00a0- Adresse [&hellip;]","og_url":"https:\/\/lesbichettes.fr\/index.php\/mentions-legales\/","og_site_name":"Les Bichettes","article_modified_time":"2023-12-12T15:15:48+00:00","twitter_card":"summary_large_image","twitter_misc":{"Dur\u00e9e de lecture estim\u00e9e":"4 minutes"},"schema":{"@context":"https:\/\/schema.org","@graph":[{"@type":"WebPage","@id":"https:\/\/lesbichettes.fr\/index.php\/mentions-legales\/","url":"https:\/\/lesbichettes.fr\/index.php\/mentions-legales\/","name":"Mentions l\u00e9gales - Les Bichettes","isPartOf":{"@id":"https:\/\/lesbichettes.fr\/#website"},"datePublished":"2023-09-13T14:34:53+00:00","dateModified":"2023-12-12T15:15:48+00:00","breadcrumb":{"@id":"https:\/\/lesbichettes.fr\/index.php\/mentions-legales\/#breadcrumb"},"inLanguage":"fr-FR","potentialAction":[{"@type":"ReadAction","target":["https:\/\/lesbichettes.fr\/index.php\/mentions-legales\/"]}]},{"@type":"BreadcrumbList","@id":"https:\/\/lesbichettes.fr\/index.php\/mentions-legales\/#breadcrumb","itemListElement":[{"@type":"ListItem","position":1,"name":"Accueil","item":"https:\/\/lesbichettes.fr\/"},{"@type":"ListItem","position":2,"name":"Mentions l\u00e9gales"}]},{"@type":"WebSite","@id":"https:\/\/lesbichettes.fr\/#website","url":"https:\/\/lesbichettes.fr\/","name":"Les Bichettes","description":"Le R\u00e9seau Toulousain 100% Girl Power","potentialAction":[{"@type":"SearchAction","target":{"@type":"EntryPoint","urlTemplate":"https:\/\/lesbichettes.fr\/?s={search_term_string}"},"query-input":{"@type":"PropertyValueSpecification","valueRequired":true,"valueName":"search_term_string"}}],"inLanguage":"fr-FR"}]}},"_links":{"self":[{"href":"https:\/\/lesbichettes.fr\/index.php\/wp-json\/wp\/v2\/pages\/583","targetHints":{"allow":["GET"]}}],"collection":[{"href":"https:\/\/lesbichettes.fr\/index.php\/wp-json\/wp\/v2\/pages"}],"about":[{"href":"https:\/\/lesbichettes.fr\/index.php\/wp-json\/wp\/v2\/types\/page"}],"author":[{"embeddable":true,"href":"https:\/\/lesbichettes.fr\/index.php\/wp-json\/wp\/v2\/users\/1"}],"replies":[{"embeddable":true,"href":"https:\/\/lesbichettes.fr\/index.php\/wp-json\/wp\/v2\/comments?post=583"}],"version-history":[{"count":10,"href":"https:\/\/lesbichettes.fr\/index.php\/wp-json\/wp\/v2\/pages\/583\/revisions"}],"predecessor-version":[{"id":1265,"href":"https:\/\/lesbichettes.fr\/index.php\/wp-json\/wp\/v2\/pages\/583\/revisions\/1265"}],"wp:attachment":[{"href":"https:\/\/lesbichettes.fr\/index.php\/wp-json\/wp\/v2\/media?parent=583"}],"curies":[{"name":"wp","href":"https:\/\/api.w.org\/{rel}","templated":true}]}}